{"id":816,"date":"2019-10-01T00:02:13","date_gmt":"2019-09-30T22:02:13","guid":{"rendered":"http:\/\/yogamassagenaturopathie.fr\/?page_id=816"},"modified":"2025-10-04T19:34:00","modified_gmt":"2025-10-04T17:34:00","slug":"contact","status":"publish","type":"page","link":"https:\/\/yogamassagenaturopathie.fr\/index.php\/contact\/","title":{"rendered":"CONTACT"},"content":{"rendered":"\n<figure class=\"wp-block-image size-large\"><img loading=\"lazy\" decoding=\"async\" width=\"577\" height=\"1024\" src=\"https:\/\/yogamassagenaturopathie.fr\/wp-content\/uploads\/2024\/06\/1000034505-577x1024.jpg\" alt=\"\" class=\"wp-image-2941\" srcset=\"https:\/\/yogamassagenaturopathie.fr\/wp-content\/uploads\/2024\/06\/1000034505-577x1024.jpg 577w, https:\/\/yogamassagenaturopathie.fr\/wp-content\/uploads\/2024\/06\/1000034505-169x300.jpg 169w, https:\/\/yogamassagenaturopathie.fr\/wp-content\/uploads\/2024\/06\/1000034505-768x1364.jpg 768w, https:\/\/yogamassagenaturopathie.fr\/wp-content\/uploads\/2024\/06\/1000034505-865x1536.jpg 865w, https:\/\/yogamassagenaturopathie.fr\/wp-content\/uploads\/2024\/06\/1000034505-1153x2048.jpg 1153w, https:\/\/yogamassagenaturopathie.fr\/wp-content\/uploads\/2024\/06\/1000034505-scaled.jpg 1441w\" sizes=\"(max-width: 577px) 100vw, 577px\" \/><\/figure>\n\n\n<p>\u00a0<\/p>\n<p>Ceciliayogamassage@gmail.com<\/p>\n<p><strong>Mon parcours depuis 2017<\/strong> :<\/p>\n<p>Praticienne en sonoth\u00e9rapie form\u00e9e au bain sonore et au soin sonore pour l&rsquo;harmonisation des chakras aupr\u00e8s de Marie Milla \u00e0 Fontainebleau.<\/p>\n<p>Praticienne en sonoth\u00e9rapie\u00a0 form\u00e9 aux bols tib\u00e9tains et au massage sonore aupr\u00e8s de Marie-Rose Poujardieu \u00e0 Paris.<\/p>\n<p>Professeur de Hatha Yoga certifi\u00e9 \u00ab\u00a0Institui\u00e7ao europeia de terapias orientais\u00a0\u00bb \u00e0 Lisbonne, certifi\u00e9e par Yoga Alliance.<br \/>Professeur de Yoga pr\u00e9 et postnatal selon la m\u00e9thode De Gasquet Institut \u00e0 Paris<br \/>Professeur de Yoga baby-children-family certifi\u00e9 \u00ab\u00a0escola babyoga Portugal\u00a0\u00bb \u00e0 Lisbonne.<\/p>\n<p>Praticienne en massage bien-\u00eatre certifi\u00e9e par l&rsquo;\u00e9cole Shen-Ti de Toulouse<br \/>Praticienne en massage femme enceinte certifi\u00e9e par l&rsquo;\u00e9cole Miki School \u00e0 Paris<br \/>Animatrice en massage b\u00e9b\u00e9 Shantala issue de la m\u00e9decine ayurv\u00e9dique certifi\u00e9e par l&rsquo;\u00e9cole Azenday \u00e0 Paris.<\/p>\n<p>Animatrice babywearing par Mamaplena Portugal.<\/p>\n<p>Conseill\u00e8re en naturopathie par l&rsquo;\u00e9cole Darg\u00e8re Univers \u00e0 Paris\u00a0 et l&rsquo;Institut Europ\u00e9en de M\u00e9decine Naturelle en Belgique.<\/p>\n<p>Accompagnante en coaching holistique et relationnel par Anne-Claire Meret et Cairo.<\/p>\n<p>Professeur de yoga a\u00e9rien par Yolanda Monteiro \u00e0 Portimao<\/p>","protected":false},"excerpt":{"rendered":"<p>\u00a0 Ceciliayogamassage@gmail.com Mon parcours depuis 2017 : Praticienne en sonoth\u00e9rapie form\u00e9e au bain sonore et au soin sonore pour l&rsquo;harmonisation des chakras aupr\u00e8s de Marie Milla \u00e0 Fontainebleau. Praticienne en sonoth\u00e9rapie\u00a0 form\u00e9 aux bols tib\u00e9tains et au massage sonore aupr\u00e8s&#8230;..<\/p>\n","protected":false},"author":1,"featured_media":0,"parent":0,"menu_order":0,"comment_status":"closed","ping_status":"closed","template":"","meta":{"footnotes":""},"_links":{"self":[{"href":"https:\/\/yogamassagenaturopathie.fr\/index.php\/wp-json\/wp\/v2\/pages\/816"}],"collection":[{"href":"https:\/\/yogamassagenaturopathie.fr\/index.php\/wp-json\/wp\/v2\/pages"}],"about":[{"href":"https:\/\/yogamassagenaturopathie.fr\/index.php\/wp-json\/wp\/v2\/types\/page"}],"author":[{"embeddable":true,"href":"https:\/\/yogamassagenaturopathie.fr\/index.php\/wp-json\/wp\/v2\/users\/1"}],"replies":[{"embeddable":true,"href":"https:\/\/yogamassagenaturopathie.fr\/index.php\/wp-json\/wp\/v2\/comments?post=816"}],"version-history":[{"count":39,"href":"https:\/\/yogamassagenaturopathie.fr\/index.php\/wp-json\/wp\/v2\/pages\/816\/revisions"}],"predecessor-version":[{"id":3636,"href":"https:\/\/yogamassagenaturopathie.fr\/index.php\/wp-json\/wp\/v2\/pages\/816\/revisions\/3636"}],"wp:attachment":[{"href":"https:\/\/yogamassagenaturopathie.fr\/index.php\/wp-json\/wp\/v2\/media?parent=816"}],"curies":[{"name":"wp","href":"https:\/\/api.w.org\/{rel}","templated":true}]}}