{"id":613,"date":"2019-04-22T22:57:43","date_gmt":"2019-04-22T20:57:43","guid":{"rendered":"http:\/\/yogamassagenaturopathie.fr\/?page_id=613"},"modified":"2024-10-20T02:30:03","modified_gmt":"2024-10-20T00:30:03","slug":"atelier-creatif","status":"publish","type":"page","link":"https:\/\/yogamassagenaturopathie.fr\/index.php\/atelier-creatif\/","title":{"rendered":"R\u00c9SERVEZ UN ATELIER"},"content":{"rendered":"<p><strong>L&rsquo;ENERGIE DU CHANT\u00a0 <\/strong>Les mantras ont pour vocation de nourrir par la r\u00e9sonance le chanteur mais aussi, pour ne pas dire surtout, d\u2019offrir \u00e0 l\u2019univers un \u00e9tat de bien-\u00eatre. En effet, leur but est d\u2019apporter paix, \u00e9quilibre et r\u00e9confort \u00e0 toute forme de la vie et bien au-del\u00e0 de l\u2019individu les scandant. M\u00eame si le sens des mots importe, c\u2019est le son qui reste l\u2019essence m\u00eame du mantra. C\u2019est gr\u00e2ce \u00e0 la r\u00e9sonance dans le corps du chanteur et dans l\u2019espace, qu\u2019individuellement et collectivement, le mantra a un impact. Bas\u00e9es sur le pouvoir des sons, ces derniers \u00e9tant charg\u00e9s d\u2019\u00e9nergies, les vibrations et les r\u00e9sonances transforment l\u2019environnement et le r\u00e9citant. On dit \u00e9galement que les vibrations que produisent les mantras quand nous les chantons ont de v\u00e9ritables bienfaits sur notre corps et notre cerveau. Ces chants \u00e9quilibreraient notre esprit en cr\u00e9ant des passerelles de neurones entre nos deux h\u00e9misph\u00e8res c\u00e9r\u00e9braux.<\/p>\n<p>Trouver sa voix, se lib\u00e9rer, se ressourcer, se soigner par le chant. L&rsquo;\u00e9nergie du chant vient \u00e9quilibrer notre chakra de la gorge. Pour pouvoir s&rsquo;exprimer clairement et avec compassion. On donne voix \u00e0 nos id\u00e9es, notre cr\u00e9ativit\u00e9, nos besoins, nos \u00e9motions, nos d\u00e9cisions, et on \u00e9coute \u00e9galement avec la m\u00eame compassion !<br \/>Vous r\u00e9\u00e9quilibrer, ressentir un bien-\u00eatre \u00e9motionnel et physique en vous connectant \u00e0 votre dimension spirituelle gr\u00e2ce au chant sacr\u00e9 des mantras, utilis\u00e9 pour ses propri\u00e9t\u00e9s vibratoires particuli\u00e8res.<\/p>\n<p>Osez chanter, osez s&rsquo;aimer,<br \/>Osez vous lib\u00e9rer.<br \/>Ouvert \u00e0 tous. Il n\u2019est pas n\u00e9cessaire de savoir chanter.<br \/>Laissez vous juste porter.<\/p>\n<h5><em>Atelier offert\u00a0\u00a0<\/em><\/h5>\n<p>\u00a0<\/p>\n<p><strong>ATELIER DE 3 HEURES EN WEEK-END<\/strong><\/p>\n<p>Une exp\u00e9rience unique de bien-\u00eatre et d&rsquo;\u00e9l\u00e9vation : \u00ab\u00a0Yoga entre Terre et Ciel\u00a0\u00bb, un atelier exclusif combinant Fly Yoga, yin yoga, massage, voyage sonore, chant, cartes d\u2019oracle sans oubli\u00e9 le Flow de C\u00e9cilia rempli de surprises. \u00a0\ud83e\uddd8\u200d\u2640\ufe0f\u2728<\/p>\n<p>Lors de cet atelier de 3 heures, tu vivras une immersion totale o\u00f9 le corps et l\u2019esprit se rejoignent entre ciel et terre. Voici ce que tu peux attendre :<\/p>\n<ul>\n<li>\n<p>Fly Yoga : Un yoga a\u00e9rien doux et accessible aux d\u00e9butants pour une sensation de l\u00e9g\u00e8ret\u00e9 et de libert\u00e9.<\/p>\n<\/li>\n<li>\n<p>Yin yoga : des postures m\u00e9ditatives tout en douceur<\/p>\n<\/li>\n<li>\n<p>Massages avec des pressions, des \u00e9tirements<\/p>\n<\/li>\n<li>\n<p>Massages sonores avec les instruments de sonoth\u00e9rapie<\/p>\n<\/li>\n<li>\n<p>Voyage sonore : Laisse toi envelopper par les vibrations sonores pour une relaxation profonde.<\/p>\n<\/li>\n<li>\n<p>Chants m\u00e9ditatifs : Des moments de chant sacr\u00e9 pour \u00e9veiller tes sens et apaiser ton esprit.<\/p>\n<\/li>\n<li>\n<p>Tirage de cartes d\u2019oracle : Re\u00e7ois des messages pour te guider dans ton cheminement int\u00e9rieur.<\/p>\n<\/li>\n<\/ul>\n<p>\ud83c\udf19 Informations pratiques :<br \/>\ud83d\udcc5 2 ateliers au choix : Samedi 9 novembre de 15h-18h et le Dimanche 17 novembre de 10h \u00e0 13h<br \/>\ud83d\udccd Lieu : 2 avenue Armand Falli\u00e8res au Plessis-Bouchard<br \/>\ud83d\udcab Dur\u00e9e : 3 heures<br \/>\ud83c\udf9f\ufe0f Tarif : 30\u20ac<br \/>\ud83e\uddd8\u200d\u2642\ufe0f Niveau : Ouvert \u00e0 tous, d\u00e9butants et pratiquants r\u00e9guliers.<\/p>\n<p>Je t&rsquo;invite \u00e0 r\u00e9server sur mon site si tu souhaites participer \u00e0 cette aventure unique.<\/p>\n<p>Le nombre de place est limit\u00e9 \u00e0 5 personnes<\/p>\n<p>\u00a0<\/p>\n<p><strong>ATELIER BOLS TIBETAINS<\/strong>\u00a0<strong> &amp; SONOTHERAPIE<\/strong>\u00a0<\/p>\n<p>Je vous ferai d\u00e9couvrir les bols tib\u00e9tains, un partage de mes connaissances que j&rsquo;ai pu acqu\u00e9rir lors d&rsquo;une formation\u00a0 en sonoth\u00e9rapie avec Marie-Rose Poujardieu en 2017 puis en 2021 avec Marie Milla dans la for\u00eat de Fontainebleau. Lors de cet atelier, nous parlerons de l&rsquo;origine des bols, de leur constitution, comment bien choisir son bol, leurs vertus et bienfaits, l&rsquo;\u00e9quilibrage des chakras, le nettoyage d&rsquo;un lieu, des cristaux, comment les utiliser lors d&rsquo;un voyage sonore. Je vous transmettrai le protocole de massage sonore aux bols tib\u00e9tains. Pendant l&rsquo;atelier vous allez recevoir et pratiquer le bain sonore et le massage sonore. Pratiquer le bain sonore, c&rsquo;est d\u00e9couvrir les diff\u00e9rents instruments vibratoires de sonoth\u00e9rapie : gongs, bols de cristal, bols tib\u00e9tains, tambour chamanique&#8230;<\/p>\n<p>Une belle exp\u00e9rience pour vous initier au m\u00e9tier de sonoth\u00e9rapeute.<\/p>\n<p>\u00ab\u00a0La magie ne s&rsquo;acquiert que par la pratique\u00a0\u00bb<\/p>\n<p>Cet atelier se d\u00e9roule de 9h \u00e0 17h.<\/p>\n<p>Envoyez moi un mail si vous \u00eates int\u00e9ress\u00e9.<\/p>\n<p><strong>CERCLE DE FEMMES &amp; CARTE D&rsquo;ORACLE<\/strong><\/p>\n<div dir=\"auto\">Entrez dans la magie du cercle de femmes.<\/div>\n<div dir=\"auto\">Imaginez un espace doux et tamis\u00e9 o\u00f9 l&rsquo;\u00e9coute et la bienveillance r\u00e8gne.<\/div>\n<div dir=\"auto\">Un espace sacr\u00e9, s\u00e9cure et confidentiel sans jugement.<\/div>\n<div dir=\"auto\">Vous \u00eates gardienne des paroles que vous entendez.<\/div>\n<div dir=\"auto\">Venez exp\u00e9rimenter la beaut\u00e9 de la parole et de la sororit\u00e9.<\/div>\n<div dir=\"auto\">Une soir\u00e9e parfum\u00e9e de sauge autour de mes plus beaux oracles, le vendredi \u00e0 19h<\/div>\n<div dir=\"auto\">Envoyez moi un mail si vous \u00eates int\u00e9ress\u00e9<\/div>\n<div dir=\"auto\">\u00a0<\/div>\n<div dir=\"auto\">\u00a0<\/div>\n<p><strong>ATELIER JE TE MASSE <\/strong>Venez vous initier et d\u00e9couvrir le massage \u00e0 4 mains en couple, avec votre adolescent ou entre ami. Un massage a 4 mains pour lui ou elle, un moment d&rsquo;\u00e9vasion, de d\u00e9tente \u00e0 offrir. Votre participation vous permettra de donner et de vous initier au massage.<\/p>\n<p>R\u00e9servez en ligne, rubrique massage \u00ab\u00a0Je te masse\u00a0\u00bb<\/p>\n<p>Dur\u00e9e 1h30<\/p>\n<div dir=\"auto\">\u00a0<\/div>\n\n\n<div id=\"mra_booking_modal\" class=\"mra_popup_block\"><\/div><script class=\"mra_script_widget\" async=\"\" src=\"https:\/\/booking.myrezapp.com\/bundles\/myrezappdashboard\/js\/Embed\/myrezapp_3rdparty_widget.js\" data-key=\"66a1d9e091d20800343335ca97ae9517\" data-id=\"mra_widget_c5235\" data-lang=\"fr\" data-position=\"bottom\" data-button-color=\"#19a5d4\" data-button-text=\"R\u00e9servez en ligne\" data-mode=\"listing\"><\/script>\n\n\n\n<p><\/p>\n","protected":false},"excerpt":{"rendered":"<p>L&rsquo;ENERGIE DU CHANT\u00a0 Les mantras ont pour vocation de nourrir par la r\u00e9sonance le chanteur mais aussi, pour ne pas dire surtout, d\u2019offrir \u00e0 l\u2019univers un \u00e9tat de bien-\u00eatre. En effet, leur but est d\u2019apporter paix, \u00e9quilibre et r\u00e9confort \u00e0&#8230;..<\/p>\n","protected":false},"author":1,"featured_media":0,"parent":0,"menu_order":0,"comment_status":"closed","ping_status":"closed","template":"","meta":{"footnotes":""},"_links":{"self":[{"href":"https:\/\/yogamassagenaturopathie.fr\/index.php\/wp-json\/wp\/v2\/pages\/613"}],"collection":[{"href":"https:\/\/yogamassagenaturopathie.fr\/index.php\/wp-json\/wp\/v2\/pages"}],"about":[{"href":"https:\/\/yogamassagenaturopathie.fr\/index.php\/wp-json\/wp\/v2\/types\/page"}],"author":[{"embeddable":true,"href":"https:\/\/yogamassagenaturopathie.fr\/index.php\/wp-json\/wp\/v2\/users\/1"}],"replies":[{"embeddable":true,"href":"https:\/\/yogamassagenaturopathie.fr\/index.php\/wp-json\/wp\/v2\/comments?post=613"}],"version-history":[{"count":87,"href":"https:\/\/yogamassagenaturopathie.fr\/index.php\/wp-json\/wp\/v2\/pages\/613\/revisions"}],"predecessor-version":[{"id":3204,"href":"https:\/\/yogamassagenaturopathie.fr\/index.php\/wp-json\/wp\/v2\/pages\/613\/revisions\/3204"}],"wp:attachment":[{"href":"https:\/\/yogamassagenaturopathie.fr\/index.php\/wp-json\/wp\/v2\/media?parent=613"}],"curies":[{"name":"wp","href":"https:\/\/api.w.org\/{rel}","templated":true}]}}