{"id":611,"date":"2019-04-22T22:57:43","date_gmt":"2019-04-22T20:57:43","guid":{"rendered":"http:\/\/yogamassagenaturopathie.fr\/?page_id=611"},"modified":"2025-07-13T22:23:34","modified_gmt":"2025-07-13T20:23:34","slug":"massage","status":"publish","type":"page","link":"https:\/\/yogamassagenaturopathie.fr\/index.php\/massage\/","title":{"rendered":"MASSAGE"},"content":{"rendered":"\n<figure class=\"wp-block-table is-style-stripes\"><table><tbody><tr><td><\/td><\/tr><tr><td><\/td><td><br>&nbsp;<\/td><\/tr><tr><td><\/td><td>&nbsp;<\/td><\/tr><tr><td><\/td><td>&nbsp;<\/td><\/tr><tr><td><strong>Massage S\u00e9r\u00e9nit\u00e9<\/strong>, un massage lent \u00e0 l&rsquo;huile, con\u00e7u pour retrouver la paix int\u00e9rieure et d\u00e9tendre profond\u00e9ment le corps et l&rsquo;esprit. Ce soin \u00e9nerg\u00e9tique agit sur vos corps subtils, vous invitant \u00e0 l\u00e2cher prise et \u00e0 vous d\u00e9passer pour mieux accueillir l&rsquo;instant pr\u00e9sent. Les huiles essentielles apaiseront votre mental, favorisant une d\u00e9connexion totale du quotidien pour revenir ici et maintenant. Ce massage intuitif, \u00e0 l&rsquo;\u00e9coute de votre ressenti, est enrichi par des techniques inspir\u00e9es des massages californien, indien, hawa\u00efen. La sonoth\u00e9rapie viendra compl\u00e9ter le soin, relaxant vos cellules en profondeur et procurant une sensation imm\u00e9diate d&rsquo;apaisement. Mon \u00e9nergie et mon ressenti accompagneront chaque geste pour vous offrir un moment de s\u00e9r\u00e9nit\u00e9 absolue.<br>Dur\u00e9e : 1h30<\/td><td>&nbsp;<\/td><\/tr><tr><td><\/td><td>&nbsp;<\/td><\/tr><tr><td><\/td><td>&nbsp;<\/td><\/tr><tr><td><\/td><td>&nbsp;<\/td><\/tr><tr><td><strong>Massage Mystique<\/strong><br>Ce soin profond relie le corps, le c\u0153ur et l\u2019\u00e2me, lib\u00e9rant les tensions et r\u00e9activant les ressources naturelles de gu\u00e9rison du corps.<br>Alliant mouvements fluides et travail en profondeur, ce massage harmonise toutes les dimensions de l\u2019\u00eatre, vous apportant s\u00e9r\u00e9nit\u00e9 et bien-\u00eatre. D\u00e8s les premiers instants, vous serez envelopp\u00e9(e) par un sentiment de bienveillance et de s\u00e9r\u00e9nit\u00e9. Le tout est nourri par une huile apaisante et rythm\u00e9 par les sons vibrants du tambour chamanique. Un v\u00e9ritable voyage sensoriel et spirituel, pour reconnecter \u00e0 l\u2019essentiel et \u00e0 la beaut\u00e9 du monde.<br>Dur\u00e9e : 1h30<\/td><td>&nbsp;<\/td><\/tr><tr><td><br><br><\/td><td>&nbsp;<\/td><\/tr><tr><td><\/td><td>&nbsp;<\/td><\/tr><tr><td><\/td><td>&nbsp;<\/td><\/tr><tr><td><strong>Le massage Pr\u00e9natal<\/strong> apporte \u00e0 la femme enceinte d\u00e9tente musculaire, assouplissement et hydratation de la peau, d\u00e9tente de la zone supportant les charges, diminue les &nbsp;crampes gr\u00e2ce \u00e0 une augmentation de l\u2019apport sanguin, am\u00e9liore la respiration thoracique et ainsi l\u2019oxyg\u00e9nation du f\u0153tus. La femme enceinte est allong\u00e9e en position lat\u00e9rale avec un coussin d&rsquo;allaitement pour son confort. Un massage complet avec une attention plus marqu\u00e9e sur le dos et les jambes. A partir du 2\u00e8me trimestre de grossesse. Le bain sonore compl\u00e8tera ce massage. Les instruments de musicoth\u00e9rapie vous plongeront dans un \u00e9tat de relaxation profonde pour profiter au mieux de la s\u00e9ance.<br>Dur\u00e9e 1h30<\/td><td>&nbsp;<\/td><\/tr><tr><td><\/td><td>&nbsp;<\/td><\/tr><tr><td><strong>Le massage&nbsp;B\u00e9b\u00e9<\/strong><br>un atelier pour apprendre \u00e0 masser son b\u00e9b\u00e9 \u00e0 partir de 1 mois. Les bienfaits de ce massage : cr\u00e9er du lien, am\u00e9liorer la qualit\u00e9 du sommeil, soulager les probl\u00e8mes digestifs, augmenter l&rsquo;hormone du bien-\u00eatre, une meilleur motricit\u00e9, meilleur assimilation de la nourriture, aider les b\u00e9b\u00e9s pr\u00e9matur\u00e9s, les b\u00e9b\u00e9s n\u00e9s par c\u00e9sarienne. Pour le massage b\u00e9b\u00e9 : venir avec une grande serviette et l&rsquo;huile de votre b\u00e9b\u00e9 (amande douce, calendula, coco&#8230;) Dur\u00e9e 1h<\/td><td>&nbsp;<\/td><\/tr><tr><td><\/td><td>&nbsp;<\/td><\/tr><tr><td><strong>Massage Enfant<\/strong>, ensemble nous masserons votre enfant en douceur, je vous montrerai les gestes. Un&nbsp; massage a 4 mains pour apprendre \u00e0 masser son enfant, un moment de d\u00e9tente et de partage. Dur\u00e9e 1h<br><\/td><td>&nbsp;<\/td><\/tr><tr><td><\/td><td>&nbsp;<\/td><\/tr><tr><td><strong>Massage \u00e0 4 mains guid\u00e9es<\/strong><br>Venez vivre un moment unique de d\u00e9tente et d\u2019\u00e9vasion en couple, avec votre adolescent ou entre amis, avec le massage \u00e0 4 mains. Ce soin vous offre la possibilit\u00e9 de d\u00e9couvrir et de vous initier au massage tout en partageant un instant de bien-\u00eatre avec l\u2019autre.<br>Pendant 1h, vous serez guid\u00e9(e) \u00e0 travers des techniques de relaxation et d\u2019harmonisation, tout en participant activement au soin. Vous apprendrez les gestes de base pour donner \u00e0 votre tour, favorisant une v\u00e9ritable connexion et un l\u00e2cher-prise partag\u00e9.<br>Un moment privil\u00e9gi\u00e9 pour se d\u00e9tendre ensemble, se ressourcer et cr\u00e9er des liens tout en d\u00e9couvrant les bienfaits du massage.<br>Dur\u00e9e 1h<br><\/td><td>&nbsp;<\/td><\/tr><tr><td><\/td><td>&nbsp;<\/td><\/tr><tr><td><strong>Cadre du soin :<\/strong><br>Les massages se d\u00e9roulent dans un espace calme et chaleureux, situ\u00e9 dans ma maison, dans un cadre intime et paisible.<\/td><td>&nbsp;<\/td><\/tr><tr><td><\/td><td>&nbsp;<\/td><\/tr><tr><td><strong>Recommandations apr\u00e8s le massage :<\/strong><br>Pensez \u00e0 boire de l&rsquo;eau plate apr\u00e8s le massage et \u00e0 rester au calme pour favoriser l&rsquo;autogu\u00e9risson de votre corps. Merci de me signaler toute condition de sant\u00e9 particuli\u00e8re avant la s\u00e9ance.<br><strong>Contre-indications :<\/strong><br>Le massage sonore est d\u00e9conseill\u00e9 aux femmes enceintes, aux personnes porteurs d\u2019un pacemaker, d\u2019une plaque m\u00e9tallique, ayant un cancer ou des ant\u00e9c\u00e9dents de crises d\u2019\u00e9pilepsie.<\/td><td>&nbsp;<\/td><\/tr><tr><td><\/td><td>&nbsp;<\/td><\/tr><tr><td><strong>Conditions et pr\u00e9cautions :<\/strong><br>Le massage est r\u00e9serv\u00e9 \u00e0 la client\u00e8le f\u00e9minine, \u00e0 l&rsquo;exception du massage \u00e0 4 mains. Ces soins ne sont pas th\u00e9rapeutiques et ne se substituent en aucun cas \u00e0 une consultation avec un professionnel de sant\u00e9.<\/td><\/tr><\/tbody><\/table><\/figure>\n\n\n\n<figure class=\"wp-block-gallery has-nested-images columns-default is-cropped wp-block-gallery-1 is-layout-flex wp-block-gallery-is-layout-flex\"><\/figure>\n\n\n\n<figure class=\"wp-block-gallery has-nested-images columns-default is-cropped wp-block-gallery-2 is-layout-flex wp-block-gallery-is-layout-flex\">\n<figure class=\"wp-block-image size-large\"><img loading=\"lazy\" decoding=\"async\" width=\"934\" height=\"1024\" data-id=\"3123\" src=\"https:\/\/yogamassagenaturopathie.fr\/wp-content\/uploads\/2024\/10\/1000055291-934x1024.jpg\" alt=\"\" class=\"wp-image-3123\" srcset=\"https:\/\/yogamassagenaturopathie.fr\/wp-content\/uploads\/2024\/10\/1000055291-934x1024.jpg 934w, https:\/\/yogamassagenaturopathie.fr\/wp-content\/uploads\/2024\/10\/1000055291-274x300.jpg 274w, https:\/\/yogamassagenaturopathie.fr\/wp-content\/uploads\/2024\/10\/1000055291-768x842.jpg 768w, https:\/\/yogamassagenaturopathie.fr\/wp-content\/uploads\/2024\/10\/1000055291-1401x1536.jpg 1401w, https:\/\/yogamassagenaturopathie.fr\/wp-content\/uploads\/2024\/10\/1000055291.jpg 1848w\" sizes=\"(max-width: 934px) 100vw, 934px\" \/><\/figure>\n\n\n\n<figure class=\"wp-block-image size-large\"><img loading=\"lazy\" decoding=\"async\" width=\"1017\" height=\"1024\" data-id=\"3129\" src=\"https:\/\/yogamassagenaturopathie.fr\/wp-content\/uploads\/2024\/10\/1000055296-1-1017x1024.jpg\" alt=\"\" class=\"wp-image-3129\" srcset=\"https:\/\/yogamassagenaturopathie.fr\/wp-content\/uploads\/2024\/10\/1000055296-1-1017x1024.jpg 1017w, https:\/\/yogamassagenaturopathie.fr\/wp-content\/uploads\/2024\/10\/1000055296-1-298x300.jpg 298w, https:\/\/yogamassagenaturopathie.fr\/wp-content\/uploads\/2024\/10\/1000055296-1-150x150.jpg 150w, https:\/\/yogamassagenaturopathie.fr\/wp-content\/uploads\/2024\/10\/1000055296-1-768x773.jpg 768w, https:\/\/yogamassagenaturopathie.fr\/wp-content\/uploads\/2024\/10\/1000055296-1-1526x1536.jpg 1526w, https:\/\/yogamassagenaturopathie.fr\/wp-content\/uploads\/2024\/10\/1000055296-1.jpg 1848w\" sizes=\"(max-width: 1017px) 100vw, 1017px\" \/><\/figure>\n<\/figure>\n\n\n\n<figure class=\"wp-block-gallery has-nested-images columns-default is-cropped wp-block-gallery-3 is-layout-flex wp-block-gallery-is-layout-flex\"><\/figure>\n\n\n\n<div id=\"mra_booking_modal\" class=\"mra_popup_block\"><\/div><script class=\"mra_script_widget\" async src=\"https:\/\/booking.myrezapp.com\/bundles\/myrezappdashboard\/js\/Embed\/myrezapp_3rdparty_widget.js\" data-key=\"66a1d9e091d20800343335ca97ae9517\" data-id=\"mra_widget_s33829\" data-lang=\"fr\" data-position=\"bottom\" data-button-color=\"#19a5d4\" data-button-text=\"R\u00e9servez en ligne\" data-mode=\"service\" data-service=\"33829\"><\/script>\n","protected":false},"excerpt":{"rendered":"<p>&nbsp; &nbsp; &nbsp; Massage S\u00e9r\u00e9nit\u00e9, un massage lent \u00e0 l&rsquo;huile, con\u00e7u pour retrouver la paix int\u00e9rieure et d\u00e9tendre profond\u00e9ment le corps et l&rsquo;esprit. Ce soin \u00e9nerg\u00e9tique agit sur vos corps subtils, vous invitant \u00e0 l\u00e2cher prise et \u00e0 vous d\u00e9passer&#8230;..<\/p>\n","protected":false},"author":1,"featured_media":0,"parent":0,"menu_order":0,"comment_status":"closed","ping_status":"closed","template":"","meta":{"footnotes":""},"_links":{"self":[{"href":"https:\/\/yogamassagenaturopathie.fr\/index.php\/wp-json\/wp\/v2\/pages\/611"}],"collection":[{"href":"https:\/\/yogamassagenaturopathie.fr\/index.php\/wp-json\/wp\/v2\/pages"}],"about":[{"href":"https:\/\/yogamassagenaturopathie.fr\/index.php\/wp-json\/wp\/v2\/types\/page"}],"author":[{"embeddable":true,"href":"https:\/\/yogamassagenaturopathie.fr\/index.php\/wp-json\/wp\/v2\/users\/1"}],"replies":[{"embeddable":true,"href":"https:\/\/yogamassagenaturopathie.fr\/index.php\/wp-json\/wp\/v2\/comments?post=611"}],"version-history":[{"count":151,"href":"https:\/\/yogamassagenaturopathie.fr\/index.php\/wp-json\/wp\/v2\/pages\/611\/revisions"}],"predecessor-version":[{"id":3566,"href":"https:\/\/yogamassagenaturopathie.fr\/index.php\/wp-json\/wp\/v2\/pages\/611\/revisions\/3566"}],"wp:attachment":[{"href":"https:\/\/yogamassagenaturopathie.fr\/index.php\/wp-json\/wp\/v2\/media?parent=611"}],"curies":[{"name":"wp","href":"https:\/\/api.w.org\/{rel}","templated":true}]}}