{"id":3744,"date":"2026-01-01T15:09:56","date_gmt":"2026-01-01T14:09:56","guid":{"rendered":"https:\/\/yogamassagenaturopathie.fr\/?page_id=3744"},"modified":"2026-02-06T18:21:37","modified_gmt":"2026-02-06T17:21:37","slug":"un-moment-avec-cecilia","status":"publish","type":"page","link":"https:\/\/yogamassagenaturopathie.fr\/index.php\/un-moment-avec-cecilia\/","title":{"rendered":"UN MOMENT AVEC CECILIA"},"content":{"rendered":"\n<p><\/p>\n\n\n\n<hr class=\"wp-block-separator has-alpha-channel-opacity\"\/>\n\n\n\n<p><\/p>\n\n\n\n<div class=\"wp-block-cover\"><span aria-hidden=\"true\" class=\"wp-block-cover__background has-background-dim\"><\/span><img decoding=\"async\" class=\"wp-block-cover__image-background wp-image-2323\" alt=\"\" src=\"https:\/\/yogamassagenaturopathie.fr\/wp-content\/uploads\/2023\/02\/IMG_20220428_204906_091.jpg\" data-object-fit=\"cover\"\/><div class=\"wp-block-cover__inner-container is-layout-flow wp-block-cover-is-layout-flow\">\n<p>Un espace de partage, d\u2019\u00e9coute et de pr\u00e9sence.<\/p>\n\n\n\n<p>Je te propose une pause pour d\u00e9poser ce qui est l\u00e0, clarifier tes pens\u00e9es et t\u2019accompagner dans l\u2019instant pr\u00e9sent. Ces moments se font par <strong>Visio ou WhatsApp<\/strong>, et peuvent inclure un <strong>tirage de cartes d\u2019oracle<\/strong> pour recevoir un \u00e9clairage sur l\u2019ici et maintenant.<\/p>\n\n\n\n<p><strong>Pour qui ?<\/strong><br>Pour celles et ceux ouverts \u00e0 l\u2019introspection et aux prises de conscience.<\/p>\n\n\n\n<p><strong>Formats &amp; tarifs :<\/strong><\/p>\n\n\n\n<ul>\n<li>30 min | 20\u20ac \u2013 un temps d\u2019\u00e9coute et de mise en lumi\u00e8re  <\/li>\n\n\n\n<li>60 min | 40\u20ac \u2013  pour aller plus en profondeur, \u00e0 ton rythme<\/li>\n<\/ul>\n\n\n\n<p><strong>Pratique :<\/strong><\/p>\n\n\n\n<ul>\n<li>Je t\u2019appelle \u00e0 l\u2019heure exacte du rendez-vous.<\/li>\n\n\n\n<li>Pr\u00e9vois un endroit calme.<\/li>\n<\/ul>\n\n\n\n<p><strong>R\u00e9serve ton moment d\u00e8s maintenant et offre-toi cette pause avec toi-m\u00eame.<\/strong><\/p>\n\n\n\n<p>Sur WhatsApp : 00351 926824790<\/p>\n\n\n\n<p>Par mail : ceciliayogamassage@gmail.com<\/p>\n<\/div><\/div>\n","protected":false},"excerpt":{"rendered":"","protected":false},"author":1,"featured_media":0,"parent":0,"menu_order":0,"comment_status":"closed","ping_status":"closed","template":"","meta":{"footnotes":""},"_links":{"self":[{"href":"https:\/\/yogamassagenaturopathie.fr\/index.php\/wp-json\/wp\/v2\/pages\/3744"}],"collection":[{"href":"https:\/\/yogamassagenaturopathie.fr\/index.php\/wp-json\/wp\/v2\/pages"}],"about":[{"href":"https:\/\/yogamassagenaturopathie.fr\/index.php\/wp-json\/wp\/v2\/types\/page"}],"author":[{"embeddable":true,"href":"https:\/\/yogamassagenaturopathie.fr\/index.php\/wp-json\/wp\/v2\/users\/1"}],"replies":[{"embeddable":true,"href":"https:\/\/yogamassagenaturopathie.fr\/index.php\/wp-json\/wp\/v2\/comments?post=3744"}],"version-history":[{"count":7,"href":"https:\/\/yogamassagenaturopathie.fr\/index.php\/wp-json\/wp\/v2\/pages\/3744\/revisions"}],"predecessor-version":[{"id":3788,"href":"https:\/\/yogamassagenaturopathie.fr\/index.php\/wp-json\/wp\/v2\/pages\/3744\/revisions\/3788"}],"wp:attachment":[{"href":"https:\/\/yogamassagenaturopathie.fr\/index.php\/wp-json\/wp\/v2\/media?parent=3744"}],"curies":[{"name":"wp","href":"https:\/\/api.w.org\/{rel}","templated":true}]}}