{"id":2259,"date":"2023-01-09T12:19:33","date_gmt":"2023-01-09T11:19:33","guid":{"rendered":"https:\/\/yogamassagenaturopathie.fr\/?page_id=2259"},"modified":"2024-10-27T05:31:20","modified_gmt":"2024-10-27T04:31:20","slug":"avis","status":"publish","type":"page","link":"https:\/\/yogamassagenaturopathie.fr\/index.php\/avis\/","title":{"rendered":"AVIS"},"content":{"rendered":"\n<div class=\"wp-block-group\"><div class=\"wp-block-group__inner-container is-layout-constrained wp-block-group-is-layout-constrained\">\n<div class=\"wp-block-group\"><div class=\"wp-block-group__inner-container is-layout-constrained wp-block-group-is-layout-constrained\">\n<script class=\"mra_script_iframe\" async src=\"https:\/\/booking.myrezapp.com\/bundles\/myrezappdashboard\/js\/Embed\/myrezapp_3rdparty_iframe.js\" data-key=\"66a1d9e091d20800343335ca97ae9517\" data-id=\"mra_iframe_content_r5235\" data-lang=\"fr\" data-mode=\"review\" data-height=\"400px\"><\/script><div id=\"mra_iframe_content_r5235\"><\/div>\n\n\n\n<p>Ana B.<\/p>\n\n\n\n<p>5.0&nbsp;\u2605\u2605\u2605\u2605\u2605<\/p>\n\n\n\n<p><small>&nbsp;Le 17\/01\/2023 &#8211; Il y a 5 jours<\/small><\/p>\n\n\n\n<p>Un des meilleurs massage\/moment d\u00e9tente que j&rsquo;ai v\u00e9cue \ud83d\ude42 Merci pour ce moment de plaisir, de d\u00e9couverte et de partage. C&rsquo;\u00e9tait parfait! Je recommande vivement!<small>Suite \u00e0 un rendez-vous en janvier 2023<\/small><\/p>\n\n\n\n<p><small><strong>R\u00e9ponse du praticien le 17\/01\/2023<\/strong><\/small><br>Merci Ana&nbsp;<\/p>\n\n\n\n<hr class=\"wp-block-separator has-alpha-channel-opacity\"\/>\n\n\n\n<p><\/p>\n\n\n\n<p>Sylvie C.<\/p>\n\n\n\n<p>5.0&nbsp;\u2605\u2605\u2605\u2605\u2605<\/p>\n\n\n\n<p><small>&nbsp;Le 12\/01\/2023 &#8211; Il y a 10 jours<\/small><\/p>\n\n\n\n<p>C\u00e9cilia est une f\u00e9e. Elle nous fait voyager tout au long du massage. Elle apporte un bien \u00eatre en donnant tout pour nous apporter une d\u00e9tente absolue. Nous sommes envelopp\u00e9s de douceur , de parfums et de chaleur. Divin. Merci Cecilia        <small>Suite \u00e0 un rendez-vous en janvier 2023<\/small><\/p>\n\n\n\n<p><small><strong>R\u00e9ponse du praticien le 12\/01\/2023<\/strong><\/small><br>Merci Sylvie<\/p>\n<\/div><\/div>\n<\/div><\/div>\n\n\n\n<p><a href=\"https:\/\/www.resalib.fr\/\"><\/a><\/p>\n\n\n\n<figure class=\"wp-block-table\"><table><tbody><tr><td>Ajout\u00e9 le&nbsp;<strong>09\/01\/2023 \u00e0 09:38<\/strong>&nbsp;par&nbsp;<strong>Val\u00e9rie B.5<\/strong>&nbsp;\u2605\u2605\u2605\u2605\u2605Exceptionnelle, tr\u00e8s professionnelle, C\u00e9cilia est une yogi qui transmet son savoir \u00e0 travers ses massages, sans oublier la douceur de ses mains et avant bras. La technique est parfaite ainsi que l ambiance, le d\u00e9cor et la sonoht\u00e9rapie pour harmoniser le tout est juste magique. Merci C\u00e9cilia. Suite \u00e0 un rendez-vous en janv. 2023 <strong><em>Merci Sandrine B. \ud83d\ude0e<\/em><\/strong> R\u00e9pondu le 09\/01\/2023 \u00e0 09:55<\/td><\/tr><tr><td>Ajout\u00e9 le&nbsp;<strong>07\/01\/2023 \u00e0 21:14<\/strong>&nbsp;par&nbsp;<strong>Catherine H.5<\/strong>&nbsp;\u2605\u2605\u2605\u2605\u2605Jamais je n\u2019ai ressenti un tel apaisement pendant un massage les sons sont divins et le massage un vrai bonheur de d\u00e9tente et de l\u00e2cher prise merci merci Cecilia pour vos pr\u00e9sentations qui sont une merveille \u00e0 bient\u00f4t peut-\u00eatre au Portugal. Suite \u00e0 un rendez-vous en janv. 2023. <strong><em>Obrigada Catherine<\/em><\/strong> R\u00e9pondu le 07\/01\/2023 \u00e0 23:25<\/td><\/tr><tr><td>Ajout\u00e9 le <strong>08\/01\/2023 \u00e0 09:44<\/strong>&nbsp;par&nbsp;<strong>Sandrine T.5<\/strong>&nbsp;\u2605\u2605\u2605\u2605\u2605Merveilleux \ud83e\udd70Suite \u00e0 un rendez-vous en janv. 2023. <strong><em>Merci\ud83e\uddf8<\/em><\/strong>R\u00e9pondu le 08\/01\/2023 \u00e0 12:51<\/td><\/tr><tr><td>Ajout\u00e9 le&nbsp;<strong>18\/12\/2022 \u00e0 08:47<\/strong>&nbsp;par&nbsp;<strong>Sandrine B.5<\/strong>&nbsp;\u2605\u2605\u2605\u2605\u2605Au top. Suite \u00e0 un rendez-vous en d\u00e9c. 2022. <strong><em>Merci \ud83e\uddf8<\/em><\/strong>R\u00e9pondu le 18\/12\/2022 \u00e0 09:17<\/td><\/tr><tr><td>Ajout\u00e9 le&nbsp;<strong>18\/12\/2022 \u00e0 11:34<\/strong>&nbsp;par&nbsp;<strong>Elodie P.5<\/strong>&nbsp;\u2605\u2605\u2605\u2605\u2605Cecilia est tr\u00e8s douce et nous fait voyager avec sa sonotherapie&#8230;au programme, d\u00e9tente et l\u00e2cher prise. Suite \u00e0 un rendez-vous en d\u00e9c. 2022. <strong><em>Merci \ud83c\udf8a<\/em><\/strong>R\u00e9pondu le 18\/12\/2022 \u00e0 11:55<\/td><\/tr><tr><td>Ajout\u00e9 le&nbsp;<strong>15\/12\/2022 \u00e0 10:09<\/strong>&nbsp;par&nbsp;<strong>Florence D.5<\/strong>&nbsp;\u2605\u2605\u2605\u2605\u2605C\u00e9cilia est une f\u00e9e, une magicienne&#8230;ne compte pas son temps. Ses messages sont topissimes&#8230; Je la recommande +++Suite \u00e0 un rendez-vous en d\u00e9c. 2022<strong><em>. Merci \ud83e\udd70<\/em><\/strong>R\u00e9pondu le 15\/12\/2022 \u00e0 11:05<\/td><\/tr><tr><td>Ajout\u00e9 le&nbsp;<strong>06\/12\/2022 \u00e0 18:12<\/strong>&nbsp;par&nbsp;<strong>Cecile M.5<\/strong>&nbsp;\u2605\u2605\u2605\u2605\u2605Plus qu\u2019un excellent massage c\u2019est un voyage que Cecilia nous propose. Un moment d\u00e9licieux, un massage g\u00e9n\u00e9reux. Suite \u00e0 un rendez-vous en d\u00e9c. 2022.<\/td><\/tr><tr><td>Ajout\u00e9 le&nbsp;<strong>06\/12\/2022 \u00e0 09:05<\/strong>&nbsp;par&nbsp;<strong>Valerie M.5<\/strong>&nbsp;\u2605\u2605\u2605\u2605\u2605C\u00e9cilia est une personne unique, ses mains sont magiques !!!! Le lieu o\u00f9 elle nous re\u00e7oit est absolument exceptionnel, vous ressortez de cet endroit absolument d\u00e9tendue et r\u00e9confort\u00e9e. Je vous invite vraiment \u00e0 prendre rendez-vous ou offrir un soin pour vos proches. Suite \u00e0 un rendez-vous en nov. 2022. <strong><em>Merci\ud83c\udf3c<\/em><\/strong>R\u00e9pondu le 06\/12\/2022 \u00e0 10:36<\/td><\/tr><tr><td>Ajout\u00e9 le&nbsp;<strong>18\/11\/2022 \u00e0 12:08<\/strong>&nbsp;par&nbsp;<strong>Ocalan N.5<\/strong>&nbsp;\u2605\u2605\u2605\u2605\u2605J\u2019ai pass\u00e9 un moment tr\u00e8s apaisante J\u2019ai voyager loin tr\u00e8s loin la o\u00f9 je voulais aller merci C\u00e9cilia. Suite \u00e0 un rendez-vous en nov. 2022 <strong><em>Merciii\ud83d\udc9b<\/em><\/strong> R\u00e9pondu le 18\/11\/2022 \u00e0 12:18<\/td><\/tr><tr><td>Ajout\u00e9 le&nbsp;<strong>12\/11\/2022 \u00e0 09:09<\/strong>&nbsp;par&nbsp;<strong>CAROLINE B.4<\/strong>&nbsp;\u2605\u2605\u2605\u2605Une vraie pause \u00e0 l&rsquo;\u00e9coute de mes sensations. Des mains en or pour un voyage hyper relaxant. Suite \u00e0 un rendez-vous en nov. 2022<strong><em>Merciiiiii\ud83c\udf1e<\/em><\/strong>R\u00e9pondu le 12\/11\/2022 \u00e0 09:28<\/td><\/tr><\/tbody><\/table><\/figure>\n\n\n\n<figure class=\"wp-block-table\"><table><tbody><tr><td>Ajout\u00e9 le&nbsp;<strong>05\/11\/2022 \u00e0 08:47<\/strong>&nbsp;par&nbsp;<strong>Aura B.<\/strong><br><strong>5<\/strong>&nbsp;\u2605\u2605\u2605\u2605\u2605<br>Magnifique<br>Suite \u00e0 un rendez-vous en nov. 2022<br><strong><em>Merciiiiiii<\/em><\/strong> R\u00e9pondu le 05\/11\/2022 \u00e0 09:35<br><br>Ajout\u00e9 le&nbsp;<strong>10\/09\/2022 \u00e0 09:41<\/strong>&nbsp;par&nbsp;<strong>A.<\/strong><br><strong>5<\/strong>&nbsp;\u2605\u2605\u2605\u2605\u2605<br>Un pur moment de bien-\u00eatre, de d\u00e9tente et de Reconnexion \u00e0 son essence. Beaucoup de professionnalisme et de bienveillance dans un cadre de r\u00eave. Merci C\u00e9cilia \ud83d\ude4f<br>Suite \u00e0 un rendez-vous en f\u00e9vr. 2022<br><strong><em>Merciiii \ud83e\udde1<\/em><\/strong>R\u00e9pondu le 10\/09\/2022 \u00e0 10:54<br><br>Ajout\u00e9 le&nbsp;<strong>03\/09\/2022 \u00e0 16:10<\/strong>&nbsp;par&nbsp;<strong>Amandine B.<\/strong><br><strong>5<\/strong>&nbsp;\u2605\u2605\u2605\u2605\u2605<br>C\u00e9cilia est une masseuse hors pair! Un vrai moment de d\u00e9tente et de bonheur. Les bienfaits des instruments de musique sont un plus ind\u00e9niable. Merci C\u00e9cilia pour ton \u00e9coute et ta douceur.<br>Suite \u00e0 un rendez-vous en sept. 2022<br><strong><em>Merciii Amandine<\/em><\/strong> R\u00e9pondu le 04\/09\/2022 \u00e0 03:22<br><br>Ajout\u00e9 le&nbsp;<strong>03\/09\/2022 \u00e0 13:21<\/strong>&nbsp;par&nbsp;<strong>Sandrine B.<\/strong><br><strong>5<\/strong>&nbsp;\u2605\u2605\u2605\u2605\u2605<br>Ma premi\u00e8re s\u00e9ance f\u00fbt, il y a environ deux ans et demi un bain sonore. Agr\u00e9ablement surprise des effets positifs du son j ai m\u00eame fait le stage. J ai essay\u00e9 plusieurs massages et d\u00e9sormais je suis addict au yoga yin ( que je pratique une fois par semaine ). C\u00e9cilia est une tr\u00e8s belle personne \ud83d\ude42 Je recommande a 100% \ud83d\udc4d<br>Suite \u00e0 un rendez-vous en juil. 2022<br><strong><em>Merciiii Sandrine<\/em><\/strong> R\u00e9pondu le 03\/09\/2022 \u00e0 13:37<br><br>Ajout\u00e9 le&nbsp;<strong>02\/09\/2022 \u00e0 22:47<\/strong>&nbsp;par&nbsp;<strong>B\u00e9reng\u00e8re B.<\/strong><br><strong>5<\/strong>&nbsp;\u2605\u2605\u2605\u2605\u2605<br>Les massages, l\u2019\u00e9nergie et la bienveillance de C\u00e9cilia sont un v\u00e9ritable voyage et une exp\u00e9rience hors du commun.Un massage unique que vous ne retrouverez nulle part ailleurs.A renouveler r\u00e9guli\u00e8rement tellement cela fait du bien!<br>Suite \u00e0 un rendez-vous en mai 2022<br><strong><em>Merciiii B\u00e9rang\u00e8re<\/em><\/strong> R\u00e9pondu le 02\/09\/2022 \u00e0 22:55<br><br>Ajout\u00e9 le&nbsp;<strong>02\/09\/2022 \u00e0 22:39<\/strong>&nbsp;par&nbsp;<strong>Iman M.<\/strong><br><strong>5<\/strong>&nbsp;\u2605\u2605\u2605\u2605\u2605<br>Excellents massages. Je vais chez C\u00e9cilia depuis un moment, aucune autre masseuse en \u00eele de France ne l&rsquo;\u00e9gale, et pourtant j&rsquo;en ai essay\u00e9 plein! Elle cr\u00e9er une ambiance envo\u00fbtante et d\u00e9licieusement relaxante de A \u00e0 Z. Elle est douce, prend son temps, nettoie les pieds avant et apr\u00e8s le massage avec une serviette chaude. Elle joue des instruments, ce qui cr\u00e9e une atmosph\u00e8re particuli\u00e8rement zen. D\u00e8s que je ressens le besoin de me d\u00e9tendre et me relaxer, je vais chez elle. C&rsquo;est l&rsquo;un des meilleur investissement en soi qui puisse exister. Foncez sans h\u00e9siter !<br>Suite \u00e0 un rendez-vous en juil. 2022<br><strong><em>Merciii Iman<\/em><\/strong> R\u00e9pondu le 02\/09\/2022 \u00e0 22:45<br><br>Ajout\u00e9 le&nbsp;<strong>02\/09\/2022 \u00e0 14:14<\/strong>&nbsp;par&nbsp;<strong>Oc\u00e9ane O.<\/strong><br><strong>5<\/strong>&nbsp;\u2605\u2605\u2605\u2605\u2605<br>Cecilia est hyper douce et tr\u00e8s \u00e0 l\u2019\u00e9coute<br>Suite \u00e0 un rendez-vous en sept. 2022<br><strong><em>Merciii<\/em><\/strong> R\u00e9pondu le 02\/09\/2022 \u00e0 18:52 <\/td><\/tr><tr><td><\/td><\/tr><\/tbody><\/table><\/figure>\n\n\n\n<figure class=\"wp-block-table\"><table><tbody><tr><td><a href=\"https:\/\/www.google.com\/maps\/contrib\/108612533305360474460?hl=fr&amp;sa=X&amp;ved=2ahUKEwjD5o39srr8AhU6XqQEHUgbDhYQvvQBegQIARAD\">Marie-noelle Fanovard<\/a><br>Je vais chez C\u00e9cilia me faire masser depuis plusieurs ann\u00e9es. A chaque fois c&rsquo;est un vrai moment de douceur et de relaxation pour moi. C\u00e9cilia est attentive et douce.<br>Pour dire vrai, je n&rsquo;arrive plus \u00e0 aller me faire masser ailleurs.<br>Visit\u00e9 en octobre 2022. <br>Merci<br><br><a href=\"https:\/\/www.google.com\/maps\/contrib\/113379964654085545323?hl=fr&amp;sa=X&amp;ved=2ahUKEwjD5o39srr8AhU6XqQEHUgbDhYQvfQBegQIARAZ\"><\/a><a href=\"https:\/\/www.google.com\/maps\/contrib\/113379964654085545323?hl=fr&amp;sa=X&amp;ved=2ahUKEwjD5o39srr8AhU6XqQEHUgbDhYQvvQBegQIARAa\">Romane Lezeau<\/a><br>J\u2019ai ador\u00e9 l\u2019exp\u00e9rience. C\u00e9cilia est douce..\u00e0 l\u2019\u00e9coute, dr\u00f4le..enchanteresse, gardienne. Merci pour les chants, le voyage. Surprenant. V\u00e9ritable purification, tout sort&#8230;\u00e0 toi de r\u00e9sister ou non.. en tout cas merci pour ce moment de reconnexion et de gu\u00e9rison!!!<br>Visit\u00e9 en octobre 2022<br>Merciiii\ud83e\udd17\u2764\ufe0f<br><br><a href=\"https:\/\/www.google.com\/maps\/contrib\/107911021549033725594?hl=fr&amp;sa=X&amp;ved=2ahUKEwjD5o39srr8AhU6XqQEHUgbDhYQvfQBegQIARAx\"><\/a><a href=\"https:\/\/www.google.com\/maps\/contrib\/107911021549033725594?hl=fr&amp;sa=X&amp;ved=2ahUKEwjD5o39srr8AhU6XqQEHUgbDhYQvvQBegQIARAy\">Am&amp;lie<\/a><br>il y a un mois<br>Un moment exceptionnel !<br>J ai go\u00fbt\u00e9 au massage intuitif de Cecilia&#8230; une merveille: sonotherapie, massage fabuleux, huiles, chant&#8230;..Je recommande et j en redemande.<br>Merci Cecilia et \u00e0 bient\u00f4t \ud83e\uddda\ud83c\udffc\u200d\u2642\ufe0f<br>Visit\u00e9 en novembre 2022<br>Merci<br><br><a href=\"https:\/\/www.google.com\/maps\/contrib\/117129271441703129635?hl=fr&amp;sa=X&amp;ved=2ahUKEwjD5o39srr8AhU6XqQEHUgbDhYQvfQBegQIARBI\"><\/a><a href=\"https:\/\/www.google.com\/maps\/contrib\/117129271441703129635?hl=fr&amp;sa=X&amp;ved=2ahUKEwjD5o39srr8AhU6XqQEHUgbDhYQvvQBegQIARBJ\">Sylvaine Riquet<\/a><br>J&rsquo;aime la douceur et l&rsquo;authenticit\u00e9 de C\u00e9cilia. Elle m&rsquo;a aid\u00e9 \u00e0 lib\u00e9rer en moi une fa\u00e7on de m&rsquo;exprimer que je ne me connaissais pas. Merci C\u00e9cilia \u2764\ufe0f<br>Visit\u00e9 en septembre 2022<br><strong>R\u00e9ponse du propri\u00e9taire<\/strong>il y a 3&nbsp;mois<br>Ommmmm \ud83d\ude4f\ud83d\ude09<br><br><a href=\"https:\/\/www.google.com\/maps\/contrib\/103739487996993953436?hl=fr&amp;sa=X&amp;ved=2ahUKEwjD5o39srr8AhU6XqQEHUgbDhYQvfQBegQIARBg\"><\/a><a href=\"https:\/\/www.google.com\/maps\/contrib\/103739487996993953436?hl=fr&amp;sa=X&amp;ved=2ahUKEwjD5o39srr8AhU6XqQEHUgbDhYQvvQBegQIARBh\">magali lanchais<\/a><br>Un des meilleurs massages que j&rsquo;ai re\u00e7u. La combinaison instruments de musique et massage en fait un moment unique et agr\u00e9able. La touche de chant superbe, une voix magnifique. Merci encore<br>Visit\u00e9 en juin 2022<br><strong>R\u00e9ponse du propri\u00e9taire<\/strong><br>merciiii<br><br><a href=\"https:\/\/www.google.com\/maps\/contrib\/114061062266616670451?hl=fr&amp;sa=X&amp;ved=2ahUKEwjD5o39srr8AhU6XqQEHUgbDhYQvfQBegQIARB4\"><\/a><a href=\"https:\/\/www.google.com\/maps\/contrib\/114061062266616670451?hl=fr&amp;sa=X&amp;ved=2ahUKEwjD5o39srr8AhU6XqQEHUgbDhYQvvQBegQIARB5\">Ang\u00e9lique Bernard<\/a><br>C\u00e9cilia est une v\u00e9ritable enchanteresse ! Son professionnalisme et sa bienveillance vous apportent un bien-\u00eatre profond. J&rsquo;ai re\u00e7u un massage cr\u00e9atif unique, C\u00e9cilia vous accueille avec magie et douceur dans un cadre de r\u00eave. Je la recommande vivement, d&rsquo;ailleurs, j&rsquo;ai h\u00e2te d&rsquo;y retourner \ud83d\ude0a<br>Visit\u00e9 en f\u00e9vrier 2022<br><strong>R\u00e9ponse du propri\u00e9tair<\/strong>e<br>Merciii<br><br><a href=\"https:\/\/www.google.com\/maps\/contrib\/114220416700922563771?hl=fr&amp;sa=X&amp;ved=2ahUKEwjD5o39srr8AhU6XqQEHUgbDhYQvfQBegUIARCQAQ\"><\/a><a href=\"https:\/\/www.google.com\/maps\/contrib\/114220416700922563771?hl=fr&amp;sa=X&amp;ved=2ahUKEwjD5o39srr8AhU6XqQEHUgbDhYQvvQBegUIARCRAQ\">Oc\u00e9ane MOTA<\/a><br>Massage au top ! C\u00e9cilia est tr\u00e8s douce. Merci pour tout<br>Visit\u00e9 en f\u00e9vrier 2022<br><strong>R\u00e9ponse du propri\u00e9taire<\/strong><br>merciiiii<br><br><a href=\"https:\/\/www.google.com\/maps\/contrib\/110666960158334959411?hl=fr&amp;sa=X&amp;ved=2ahUKEwjD5o39srr8AhU6XqQEHUgbDhYQvfQBegUIARCoAQ\"><\/a><a href=\"https:\/\/www.google.com\/maps\/contrib\/110666960158334959411?hl=fr&amp;sa=X&amp;ved=2ahUKEwjD5o39srr8AhU6XqQEHUgbDhYQvvQBegUIARCpAQ\">Cassoco cassoco<\/a><br>Un studio de yoga cocon, un lieu d&rsquo;apprentissage du yoga en tout petit groupe et au son d&rsquo;instruments jou\u00e9s par C\u00e9cilia qui propose aussi des massages et des bains sonores.<br>Visit\u00e9 en septembre 2020<br><strong>R\u00e9ponse du propri\u00e9taire<\/strong><br>Merciiii<br><br><a href=\"https:\/\/www.google.com\/maps\/contrib\/116846930912394672573?hl=fr&amp;sa=X&amp;ved=2ahUKEwjD5o39srr8AhU6XqQEHUgbDhYQvfQBegUIARDAAQ\"><\/a><a href=\"https:\/\/www.google.com\/maps\/contrib\/116846930912394672573?hl=fr&amp;sa=X&amp;ved=2ahUKEwjD5o39srr8AhU6XqQEHUgbDhYQvvQBegUIARDBAQ\">Minette Minette<\/a><br>Tr\u00e8s bon professeur.<br>Cours tr\u00e8s agr\u00e9able. Je recommande les cours de C\u00e9cilia pour les d\u00e9butants et les exp\u00e9riment\u00e9s<br>Vous ne serez pas d\u00e9\u00e7u !!<br>Visit\u00e9 en f\u00e9vrier 2020<br><strong>R\u00e9ponse du propri\u00e9taire<\/strong> : Merciii<br><br><a href=\"https:\/\/www.google.com\/maps\/contrib\/115869150788811753883?hl=fr&amp;sa=X&amp;ved=2ahUKEwjD5o39srr8AhU6XqQEHUgbDhYQvfQBegUIARDYAQ\"><\/a><a href=\"https:\/\/www.google.com\/maps\/contrib\/115869150788811753883?hl=fr&amp;sa=X&amp;ved=2ahUKEwjD5o39srr8AhU6XqQEHUgbDhYQvvQBegUIARDZAQ\">nathalie outrequin<\/a><br>Cecilia est une f\u00e9e. Son yoga est un v\u00e9ritable moment de bien \u00eatre. Un pure bonheur<br>Visit\u00e9 en janvier 2020<br><strong>R\u00e9ponse du propri\u00e9taire<\/strong> : Merciii<br><br><a href=\"https:\/\/www.google.com\/maps\/contrib\/117496508563497616089?hl=fr&amp;sa=X&amp;ved=2ahUKEwjtv5mEs7r8AhWjTaQEHUPLAJsQvfQBegQIARAC\"><\/a><a href=\"https:\/\/www.google.com\/maps\/contrib\/117496508563497616089?hl=fr&amp;sa=X&amp;ved=2ahUKEwjtv5mEs7r8AhWjTaQEHUPLAJsQvvQBegQIARAD\">pauline picheret<\/a><br>Pour un moment hors du temps, que ce soit avec les massages, les journ\u00e9es d\u00e9couvertes \u00e0 th\u00e8mes, ou le yoga je recommande clairement C\u00e9cilia !<br>Visit\u00e9 en juillet 2019<br><strong>R\u00e9ponse du propri\u00e9taire<\/strong><br>Merciiiii<br><br><a href=\"https:\/\/www.google.com\/maps\/contrib\/118164929998313176711?hl=fr&amp;sa=X&amp;ved=2ahUKEwjtv5mEs7r8AhWjTaQEHUPLAJsQvfQBegQIARAa\"><\/a><a href=\"https:\/\/www.google.com\/maps\/contrib\/118164929998313176711?hl=fr&amp;sa=X&amp;ved=2ahUKEwjtv5mEs7r8AhWjTaQEHUPLAJsQvvQBegQIARAb\">Jean-philippe Bouvry<\/a><br>Allez y car les massages sont top et C\u00e9cilia est tr\u00e8s agr\u00e9able et professionnelle\ud83d\udc4d\ud83d\ude4f\ud83c\udf40<br>Visit\u00e9 en octobre 2019<br><strong>R\u00e9ponse du propri\u00e9taire<\/strong><br>Merciiii<br><br><a href=\"https:\/\/www.google.com\/maps\/contrib\/106530765254376251846?hl=fr&amp;sa=X&amp;ved=2ahUKEwjtv5mEs7r8AhWjTaQEHUPLAJsQvfQBegQIARAy\"><\/a><a href=\"https:\/\/www.google.com\/maps\/contrib\/106530765254376251846?hl=fr&amp;sa=X&amp;ved=2ahUKEwjtv5mEs7r8AhWjTaQEHUPLAJsQvvQBegQIARAz\">Sandra Durand<\/a><br>Du vrai yoga de la vrai relaxation<br>Un endroit hors du temps dans la bienveillance et le bien \u00eatre exceptionnel<br>Visit\u00e9 en f\u00e9vrier 2020<br><strong>R\u00e9ponse du propri\u00e9taire<\/strong><br>Merciiiii<br><br><a href=\"https:\/\/www.google.com\/maps\/contrib\/112843991768502752001?hl=fr&amp;sa=X&amp;ved=2ahUKEwjtv5mEs7r8AhWjTaQEHUPLAJsQvfQBegQIARBK\"><\/a><a href=\"https:\/\/www.google.com\/maps\/contrib\/112843991768502752001?hl=fr&amp;sa=X&amp;ved=2ahUKEwjtv5mEs7r8AhWjTaQEHUPLAJsQvvQBegQIARBL\">Tatiana<\/a><br>C\u00e9cilia est super, merci beaucoup pour vos cours<br><strong>R\u00e9ponse du propri\u00e9taire<\/strong><br>Merciiiii<br><br><a href=\"https:\/\/www.google.com\/maps\/contrib\/106830877498355467898?hl=fr&amp;sa=X&amp;ved=2ahUKEwjtv5mEs7r8AhWjTaQEHUPLAJsQvfQBegQIARBi\"><\/a><a href=\"https:\/\/www.google.com\/maps\/contrib\/106830877498355467898?hl=fr&amp;sa=X&amp;ved=2ahUKEwjtv5mEs7r8AhWjTaQEHUPLAJsQvvQBegQIARBj\">Poumina Radjeen<\/a><br>Cours de yoga au top!<br>Ambiance du groupe super et prof lumineuse!<br>Visit\u00e9 en septembre 2020<br><strong>R\u00e9ponse du propri\u00e9taire<\/strong><br>Merciiiii<br><br><a href=\"https:\/\/www.google.com\/maps\/contrib\/111288132162288289617?hl=fr&amp;sa=X&amp;ved=2ahUKEwjtv5mEs7r8AhWjTaQEHUPLAJsQvfQBegQIARB6\"><\/a><a href=\"https:\/\/www.google.com\/maps\/contrib\/111288132162288289617?hl=fr&amp;sa=X&amp;ved=2ahUKEwjtv5mEs7r8AhWjTaQEHUPLAJsQvvQBegQIARB7\">CHRISTINE HOUSSAIS<\/a><br>Tr\u00e8s bonne s\u00e9ance, d\u00e9tente totale, prof tr\u00e8s efficace.<br><strong>R\u00e9ponse du propri\u00e9taire<\/strong><br>Merciiiii<br><br><a href=\"https:\/\/www.google.com\/maps\/contrib\/115368464810603408955?hl=fr&amp;sa=X&amp;ved=2ahUKEwjtv5mEs7r8AhWjTaQEHUPLAJsQvfQBegUIARCSAQ\"><\/a><a href=\"https:\/\/www.google.com\/maps\/contrib\/115368464810603408955?hl=fr&amp;sa=X&amp;ved=2ahUKEwjtv5mEs7r8AhWjTaQEHUPLAJsQvvQBegUIARCTAQ\">Aminata 7<\/a><br>Super, s\u00e9ance agr\u00e9able, enseignante professionnelle et aimable !<br><strong>R\u00e9ponse du propri\u00e9taire<\/strong>il y a 4&nbsp;mois<br>Merciii<br><br><a href=\"https:\/\/www.google.com\/maps\/contrib\/106527012969041144670?hl=fr&amp;sa=X&amp;ved=2ahUKEwjtv5mEs7r8AhWjTaQEHUPLAJsQvfQBegUIARCqAQ\"><\/a><a href=\"https:\/\/www.google.com\/maps\/contrib\/106527012969041144670?hl=fr&amp;sa=X&amp;ved=2ahUKEwjtv5mEs7r8AhWjTaQEHUPLAJsQvvQBegUIARCrAQ\">delphine pareja<\/a><br>*****<br>Visit\u00e9 en novembre 2020<br><strong>R\u00e9ponse du propri\u00e9taire<\/strong><br>merciiii<br><br><a href=\"https:\/\/www.google.com\/maps\/contrib\/116595883733688533156?hl=fr&amp;sa=X&amp;ved=2ahUKEwjtv5mEs7r8AhWjTaQEHUPLAJsQvfQBegUIARC_AQ\"><\/a><a href=\"https:\/\/www.google.com\/maps\/contrib\/116595883733688533156?hl=fr&amp;sa=X&amp;ved=2ahUKEwjtv5mEs7r8AhWjTaQEHUPLAJsQvvQBegUIARDAAQ\">Maeva M\u00e9tivier<\/a><br>*****<br>Visit\u00e9 en novembre 2019<br><strong>R\u00e9ponse du propri\u00e9taire<\/strong><br>Merciiiii<br><br><br><\/td><td><\/td><\/tr><tr><td><\/td><td><\/td><\/tr><\/tbody><\/table><\/figure>\n","protected":false},"excerpt":{"rendered":"<p>Ana B. 5.0&nbsp;\u2605\u2605\u2605\u2605\u2605 &nbsp;Le 17\/01\/2023 &#8211; Il y a 5 jours Un des meilleurs massage\/moment d\u00e9tente que j&rsquo;ai v\u00e9cue \ud83d\ude42 Merci pour ce moment de plaisir, de d\u00e9couverte et de partage. C&rsquo;\u00e9tait parfait! Je recommande vivement!Suite \u00e0 un rendez-vous en&#8230;..<\/p>\n","protected":false},"author":1,"featured_media":0,"parent":0,"menu_order":0,"comment_status":"open","ping_status":"closed","template":"","meta":{"footnotes":""},"_links":{"self":[{"href":"https:\/\/yogamassagenaturopathie.fr\/index.php\/wp-json\/wp\/v2\/pages\/2259"}],"collection":[{"href":"https:\/\/yogamassagenaturopathie.fr\/index.php\/wp-json\/wp\/v2\/pages"}],"about":[{"href":"https:\/\/yogamassagenaturopathie.fr\/index.php\/wp-json\/wp\/v2\/types\/page"}],"author":[{"embeddable":true,"href":"https:\/\/yogamassagenaturopathie.fr\/index.php\/wp-json\/wp\/v2\/users\/1"}],"replies":[{"embeddable":true,"href":"https:\/\/yogamassagenaturopathie.fr\/index.php\/wp-json\/wp\/v2\/comments?post=2259"}],"version-history":[{"count":10,"href":"https:\/\/yogamassagenaturopathie.fr\/index.php\/wp-json\/wp\/v2\/pages\/2259\/revisions"}],"predecessor-version":[{"id":3108,"href":"https:\/\/yogamassagenaturopathie.fr\/index.php\/wp-json\/wp\/v2\/pages\/2259\/revisions\/3108"}],"wp:attachment":[{"href":"https:\/\/yogamassagenaturopathie.fr\/index.php\/wp-json\/wp\/v2\/media?parent=2259"}],"curies":[{"name":"wp","href":"https:\/\/api.w.org\/{rel}","templated":true}]}}