{"id":1170,"date":"2020-11-10T11:09:42","date_gmt":"2020-11-10T10:09:42","guid":{"rendered":"http:\/\/yogamassagenaturopathie.fr\/?page_id=1170"},"modified":"2026-01-01T15:08:25","modified_gmt":"2026-01-01T14:08:25","slug":"coaching-telephonique","status":"publish","type":"page","link":"https:\/\/yogamassagenaturopathie.fr\/index.php\/coaching-telephonique\/","title":{"rendered":"Un moment avec C\u00e9cilia"},"content":{"rendered":"\n<p>Un espace de partage, d\u2019\u00e9coute et de pr\u00e9sence.<\/p>\n\n\n\n<p>Je te propose une pause pour d\u00e9poser ce qui est l\u00e0, clarifier tes pens\u00e9es et t\u2019accompagner dans l\u2019instant pr\u00e9sent. Ces moments se font par <strong>Visio ou WhatsApp<\/strong>, et peuvent inclure un <strong>tirage de cartes d\u2019oracle<\/strong> pour recevoir un \u00e9clairage sur l\u2019ici et maintenant.<\/p>\n\n\n\n<p>\u2728 <strong>Pour qui ?<\/strong><br>Pour celles et ceux ouverts \u00e0 l\u2019introspection et aux prises de conscience.<\/p>\n\n\n\n<p> <strong>Formats <\/strong><\/p>\n\n\n\n<ul>\n<li><strong>30 minutes<\/strong> \u2013 un temps d\u2019\u00e9coute et de mise en lumi\u00e8re<\/li>\n\n\n\n<li><strong>60 minutes<\/strong> \u2013 pour aller plus en profondeur, \u00e0 ton rythme<\/li>\n<\/ul>\n\n\n\n<p><strong>Pratique :<\/strong><\/p>\n\n\n\n<ul>\n<li>Je t\u2019appelle \u00e0 l\u2019heure exacte du rendez-vous.<\/li>\n\n\n\n<li>Pr\u00e9vois un endroit calme.<\/li>\n<\/ul>\n\n\n\n<p><strong>R\u00e9serve ton moment d\u00e8s maintenant et offre-toi cette pause avec toi-m\u00eame.<\/strong><\/p>\n\n\n\n\n\n<figure class=\"wp-block-image size-large\"><img loading=\"lazy\" decoding=\"async\" width=\"1024\" height=\"748\" src=\"https:\/\/yogamassagenaturopathie.fr\/wp-content\/uploads\/2024\/06\/1000038501-1024x748.jpg\" alt=\"\" class=\"wp-image-2939\" srcset=\"https:\/\/yogamassagenaturopathie.fr\/wp-content\/uploads\/2024\/06\/1000038501-1024x748.jpg 1024w, https:\/\/yogamassagenaturopathie.fr\/wp-content\/uploads\/2024\/06\/1000038501-300x219.jpg 300w, https:\/\/yogamassagenaturopathie.fr\/wp-content\/uploads\/2024\/06\/1000038501-768x561.jpg 768w, https:\/\/yogamassagenaturopathie.fr\/wp-content\/uploads\/2024\/06\/1000038501.jpg 1126w\" sizes=\"(max-width: 1024px) 100vw, 1024px\" \/><\/figure>\n","protected":false},"excerpt":{"rendered":"<p>Un espace de partage, d\u2019\u00e9coute et de pr\u00e9sence. Je te propose une pause pour d\u00e9poser ce qui est l\u00e0, clarifier tes pens\u00e9es et t\u2019accompagner dans l\u2019instant pr\u00e9sent. Ces moments se font par Visio ou WhatsApp, et peuvent inclure un tirage&#8230;..<\/p>\n","protected":false},"author":1,"featured_media":0,"parent":0,"menu_order":0,"comment_status":"closed","ping_status":"closed","template":"","meta":{"footnotes":""},"_links":{"self":[{"href":"https:\/\/yogamassagenaturopathie.fr\/index.php\/wp-json\/wp\/v2\/pages\/1170"}],"collection":[{"href":"https:\/\/yogamassagenaturopathie.fr\/index.php\/wp-json\/wp\/v2\/pages"}],"about":[{"href":"https:\/\/yogamassagenaturopathie.fr\/index.php\/wp-json\/wp\/v2\/types\/page"}],"author":[{"embeddable":true,"href":"https:\/\/yogamassagenaturopathie.fr\/index.php\/wp-json\/wp\/v2\/users\/1"}],"replies":[{"embeddable":true,"href":"https:\/\/yogamassagenaturopathie.fr\/index.php\/wp-json\/wp\/v2\/comments?post=1170"}],"version-history":[{"count":38,"href":"https:\/\/yogamassagenaturopathie.fr\/index.php\/wp-json\/wp\/v2\/pages\/1170\/revisions"}],"predecessor-version":[{"id":3743,"href":"https:\/\/yogamassagenaturopathie.fr\/index.php\/wp-json\/wp\/v2\/pages\/1170\/revisions\/3743"}],"wp:attachment":[{"href":"https:\/\/yogamassagenaturopathie.fr\/index.php\/wp-json\/wp\/v2\/media?parent=1170"}],"curies":[{"name":"wp","href":"https:\/\/api.w.org\/{rel}","templated":true}]}}